{"id":7,"date":"2012-08-13T17:28:00","date_gmt":"2012-08-13T17:28:00","guid":{"rendered":"http:\/\/meiobyte.com\/mb\/?page_id=7"},"modified":"2019-12-03T23:18:12","modified_gmt":"2019-12-03T22:18:12","slug":"edicoes-meio-byte","status":"publish","type":"page","link":"https:\/\/meiobyte.com\/mb\/edicoes-meio-byte\/","title":{"rendered":"Edi\u00e7\u00f5es Meio Byte"},"content":{"rendered":"<p>Link para efetuar o download das edi\u00e7\u00f5es da revista Meio Byte:<\/p>\n<p><span style=\"color: #993366;\"><strong><a style=\"color: #993366;\" title=\"Revistas Meio Byte para download\" href=\"https:\/\/meiobyte.com\/revistas\" target=\"_blank\" rel=\"noopener noreferrer\">https:\/\/meiobyte.com\/revistas<\/a><\/strong><\/span><\/p>\n<p>Assim como neste portal, todo o conte\u00fado dos artigos \u00e9 de responsabilidade do\/a autor\/a.<\/p>\n<a href=\"http:\/\/www.facebook.com\/share.php?u=https%3A%2F%2Fmeiobyte.com%2Fmb%2Fedicoes-meio-byte%2F&amp;t=Edi%C3%A7%C3%B5es%20Meio%20Byte\" id=\"facebook_share_both_7\" style=\"font-size:11px; line-height:13px; font-family:'lucida grande',tahoma,verdana,arial,sans-serif; text-decoration:none; padding:2px 0 0 20px; height:16px; background:url(http:\/\/b.static.ak.fbcdn.net\/images\/share\/facebook_share_icon.gif) no-repeat top left;\">Partilhe no Facebook<\/a>\n\t<script type=\"text\/javascript\">\n\t<!--\n\tvar button = document.getElementById('facebook_share_link_7') || document.getElementById('facebook_share_icon_7') || document.getElementById('facebook_share_both_7') || document.getElementById('facebook_share_button_7');\n\tif (button) {\n\t\tbutton.onclick = function(e) {\n\t\t\tvar url = this.href.replace(\/share\\.php\/, 'sharer.php');\n\t\t\twindow.open(url,'sharer','toolbar=0,status=0,width=626,height=436');\n\t\t\treturn false;\n\t\t}\n\t\n\t\tif (button.id === 'facebook_share_button_7') {\n\t\t\tbutton.onmouseover = function(){\n\t\t\t\tthis.style.color='#fff';\n\t\t\t\tthis.style.borderColor = '#295582';\n\t\t\t\tthis.style.backgroundColor = '#3b5998';\n\t\t\t}\n\t\t\tbutton.onmouseout = function(){\n\t\t\t\tthis.style.color = '#3b5998';\n\t\t\t\tthis.style.borderColor = '#d8dfea';\n\t\t\t\tthis.style.backgroundColor = '#fff';\n\t\t\t}\n\t\t}\n\t}\n\t-->\n\t<\/script>\n\t<!-- AddThis Advanced Settings generic via filter on the_content --><!-- AddThis Share Buttons generic via filter on the_content -->","protected":false},"excerpt":{"rendered":"<p>Link para efetuar o download das edi\u00e7\u00f5es da revista Meio Byte: https:\/\/meiobyte.com\/revistas Assim como neste portal, todo o conte\u00fado dos artigos \u00e9 de responsabilidade do\/a autor\/a. Partilhe no Facebook<!-- AddThis Advanced Settings generic via filter on get_the_excerpt --><!-- AddThis Share Buttons generic via filter on get_the_excerpt --><\/p>\n<a href=\"http:\/\/www.facebook.com\/share.php?u=https%3A%2F%2Fmeiobyte.com%2Fmb%2Fedicoes-meio-byte%2F&amp;t=Edi%C3%A7%C3%B5es%20Meio%20Byte\" id=\"facebook_share_both_7\" style=\"font-size:11px; line-height:13px; font-family:'lucida grande',tahoma,verdana,arial,sans-serif; text-decoration:none; padding:2px 0 0 20px; height:16px; background:url(http:\/\/b.static.ak.fbcdn.net\/images\/share\/facebook_share_icon.gif) no-repeat top left;\">Partilhe no Facebook<\/a>\n\t<script type=\"text\/javascript\">\n\t<!--\n\tvar button = document.getElementById('facebook_share_link_7') || document.getElementById('facebook_share_icon_7') || document.getElementById('facebook_share_both_7') || document.getElementById('facebook_share_button_7');\n\tif (button) {\n\t\tbutton.onclick = function(e) {\n\t\t\tvar url = this.href.replace(\/share\\.php\/, 'sharer.php');\n\t\t\twindow.open(url,'sharer','toolbar=0,status=0,width=626,height=436');\n\t\t\treturn false;\n\t\t}\n\t\n\t\tif (button.id === 'facebook_share_button_7') {\n\t\t\tbutton.onmouseover = function(){\n\t\t\t\tthis.style.color='#fff';\n\t\t\t\tthis.style.borderColor = '#295582';\n\t\t\t\tthis.style.backgroundColor = '#3b5998';\n\t\t\t}\n\t\t\tbutton.onmouseout = function(){\n\t\t\t\tthis.style.color = '#3b5998';\n\t\t\t\tthis.style.borderColor = '#d8dfea';\n\t\t\t\tthis.style.backgroundColor = '#fff';\n\t\t\t}\n\t\t}\n\t}\n\t-->\n\t<\/script>\n\t","protected":false},"author":1,"featured_media":0,"parent":0,"menu_order":0,"comment_status":"open","ping_status":"open","template":"","meta":{"footnotes":""},"class_list":["post-7","page","type-page","status-publish","hentry"],"_links":{"self":[{"href":"https:\/\/meiobyte.com\/mb\/wp-json\/wp\/v2\/pages\/7"}],"collection":[{"href":"https:\/\/meiobyte.com\/mb\/wp-json\/wp\/v2\/pages"}],"about":[{"href":"https:\/\/meiobyte.com\/mb\/wp-json\/wp\/v2\/types\/page"}],"author":[{"embeddable":true,"href":"https:\/\/meiobyte.com\/mb\/wp-json\/wp\/v2\/users\/1"}],"replies":[{"embeddable":true,"href":"https:\/\/meiobyte.com\/mb\/wp-json\/wp\/v2\/comments?post=7"}],"version-history":[{"count":5,"href":"https:\/\/meiobyte.com\/mb\/wp-json\/wp\/v2\/pages\/7\/revisions"}],"predecessor-version":[{"id":3495,"href":"https:\/\/meiobyte.com\/mb\/wp-json\/wp\/v2\/pages\/7\/revisions\/3495"}],"wp:attachment":[{"href":"https:\/\/meiobyte.com\/mb\/wp-json\/wp\/v2\/media?parent=7"}],"curies":[{"name":"wp","href":"https:\/\/api.w.org\/{rel}","templated":true}]}}